{"id":29761,"date":"2025-01-20T08:30:31","date_gmt":"2025-01-20T07:30:31","guid":{"rendered":"https:\/\/ieffects.com\/apps\/fresh\/agb\/"},"modified":"2025-01-20T08:30:41","modified_gmt":"2025-01-20T07:30:41","slug":"agb","status":"publish","type":"page","link":"https:\/\/ieffects.com\/fr\/apps\/fresh\/agb\/","title":{"rendered":"CGV &#8211; La base d&#8217;une collaboration claire"},"content":{"rendered":"\n<h2 class=\"wp-block-heading\">Des r\u00e8gles fiables cr\u00e9ent de l&#8217;innovation et de la confiance<\/h2>\n\n<p>Les conditions g\u00e9n\u00e9rales de vente (CGV) constituent la base d&#8217;un partenariat r\u00e9ussi. Elles apportent transparence et clart\u00e9, depuis l&#8217;utilisation des solutions jusqu&#8217;\u00e0 leur adaptation individuelle \u00e0 des exigences sp\u00e9cifiques. <\/p>\n\n<p>Avec ieffects.fresh\u00ae, vous disposez d&#8217;une technologie qui r\u00e9pond pr\u00e9cis\u00e9ment aux besoins individuels. De la licence au traitement s\u00e9curis\u00e9 des donn\u00e9es en passant par l&#8217;assistance, les conditions g\u00e9n\u00e9rales fournissent toutes les informations importantes pour une collaboration optimale. <\/p>\n\n<p>Construire sur la fiabilit\u00e9 et l&#8217;innovation &#8211; construire l&#8217;avenir ensemble.<\/p>\n\n<div style=\"height:20px\" aria-hidden=\"true\" class=\"wp-block-spacer\"><\/div>\n\n<div class=\"wp-block-buttons is-layout-flex wp-block-buttons-is-layout-flex\">\n<div class=\"wp-block-button is-style-outline is-style-outline--1\"><a class=\"wp-block-button__link wp-element-button\" href=\"https:\/\/ieffects.com\/wp-content\/uploads\/2025\/01\/AGB_2025-01-01.pdf\" target=\"_blank\" rel=\"noreferrer noopener\">T\u00e9l\u00e9charger les conditions g\u00e9n\u00e9rales<\/a><\/div>\n<\/div>\n\n<div style=\"height:200px\" aria-hidden=\"true\" class=\"wp-block-spacer\"><\/div>\n\n<p><\/p>\n","protected":false},"excerpt":{"rendered":"<p>Des r\u00e8gles fiables cr\u00e9ent de l&#8217;innovation et de la confiance Les conditions g\u00e9n\u00e9rales de vente (CGV) constituent la base d&#8217;un partenariat r\u00e9ussi. Elles apportent transparence et clart\u00e9, depuis l&#8217;utilisation des solutions jusqu&#8217;\u00e0 leur adaptation individuelle \u00e0 des exigences sp\u00e9cifiques. Avec ieffects.fresh\u00ae, vous disposez d&#8217;une technologie qui r\u00e9pond pr\u00e9cis\u00e9ment aux besoins individuels. De la licence au [&hellip;]<\/p>\n","protected":false},"author":3,"featured_media":0,"parent":24814,"menu_order":39,"comment_status":"closed","ping_status":"closed","template":"","meta":{"content-type":"","footnotes":""},"class_list":["post-29761","page","type-page","status-publish","hentry"],"_links":{"self":[{"href":"https:\/\/ieffects.com\/fr\/wp-json\/wp\/v2\/pages\/29761","targetHints":{"allow":["GET"]}}],"collection":[{"href":"https:\/\/ieffects.com\/fr\/wp-json\/wp\/v2\/pages"}],"about":[{"href":"https:\/\/ieffects.com\/fr\/wp-json\/wp\/v2\/types\/page"}],"author":[{"embeddable":true,"href":"https:\/\/ieffects.com\/fr\/wp-json\/wp\/v2\/users\/3"}],"replies":[{"embeddable":true,"href":"https:\/\/ieffects.com\/fr\/wp-json\/wp\/v2\/comments?post=29761"}],"version-history":[{"count":0,"href":"https:\/\/ieffects.com\/fr\/wp-json\/wp\/v2\/pages\/29761\/revisions"}],"up":[{"embeddable":true,"href":"https:\/\/ieffects.com\/fr\/wp-json\/wp\/v2\/pages\/24814"}],"wp:attachment":[{"href":"https:\/\/ieffects.com\/fr\/wp-json\/wp\/v2\/media?parent=29761"}],"curies":[{"name":"wp","href":"https:\/\/api.w.org\/{rel}","templated":true}]}}