{"id":30391,"date":"2022-03-17T11:53:54","date_gmt":"2022-03-17T10:53:54","guid":{"rendered":"https:\/\/ieffects.com\/impressum\/"},"modified":"2025-02-20T11:25:47","modified_gmt":"2025-02-20T10:25:47","slug":"impressum","status":"publish","type":"page","link":"https:\/\/ieffects.com\/it\/impressum\/","title":{"rendered":"Impronta."},"content":{"rendered":"\n<h2 class=\"wp-block-heading\">Azienda.<\/h2>\n\n<p>ieffects ag<br\/>Stampfenbachstrasse 63<br\/>8006 Zurigo<br\/>Svizzera<\/p>\n\n<p>E-mail: <a href=\"mailto:info@ieffects.com\">info@ieffects.com<\/a><br\/>Telefono: <a href=\"tel:+41432052503\">+41 43 205 25 03<\/a><\/p>\n\n<div style=\"height:50px\" aria-hidden=\"true\" class=\"wp-block-spacer\"><\/div>\n\n<p>UID: CHE-114.737.225<br\/>Partita IVA: CHE-114.737.225 IVA<br\/>DUNS: 48-507-0655<\/p>\n\n<p>Amministratore delegato: Urs Marti<br\/>Sede legale della societ\u00e0: Zurigo, Svizzera<\/p>\n\n<div style=\"height:100px\" aria-hidden=\"true\" class=\"wp-block-spacer\"><\/div>\n\n<h2 class=\"wp-block-heading\">Supporto.<\/h2>\n\n<p>Hai un problema e hai bisogno del nostro aiuto? Allora avvia una richiesta di informazioni qui: <\/p>\n\n<ul class=\"wp-block-list\">\n<li><a href=\"https:\/\/ieffects.atlassian.net\/servicedesk\/customer\/portals\" target=\"_blank\" rel=\"noreferrer noopener\">Avvia la richiesta di supporto<\/a><\/li>\n<\/ul>\n\n<div style=\"height:100px\" aria-hidden=\"true\" class=\"wp-block-spacer\"><\/div>\n\n<h3 class=\"wp-block-heading\">Disclaimer.<\/h3>\n\n<p>Nonostante l&#8217;attento controllo dei contenuti, non ci assumiamo alcuna responsabilit\u00e0 per il contenuto dei link esterni. Gli operatori delle pagine collegate sono gli unici responsabili del loro contenuto. <\/p>\n\n<div style=\"height:100px\" aria-hidden=\"true\" class=\"wp-block-spacer\"><\/div>\n\n<h2 class=\"wp-block-heading\" id=\"datenschutz\">Protezione dei dati.<\/h2>\n\n<h3 class=\"wp-block-heading\">Informativa sulla privacy.<\/h3>\n\n<p>ieffects ag prende molto sul serio la protezione dei dati personali. Vogliamo che tu sappia quando conserviamo i dati e come li utilizziamo. Siamo soggetti alle disposizioni della Legge svizzera sulla protezione dei dati. Abbiamo adottato misure tecniche e organizzative per garantire il rispetto di tali disposizioni.   <\/p>\n\n<h3 class=\"wp-block-heading\">Dati personali.<\/h3>\n\n<p>L&#8217;utilizzo dei nostri servizi online viene registrato. La maggior parte delle informazioni registrate sono dati che non consentono di trarre conclusioni sulle persone. Oltre a questi dati anonimi, vengono raccolte anche alcune informazioni personali. La registrazione e l&#8217;elaborazione dei dati ci consente di analizzare l&#8217;utilizzo dei nostri servizi online e di implementare misure adeguate per adattare sempre meglio i nostri servizi alle esigenze dei clienti.   <\/p>\n\n<h3 class=\"wp-block-heading\">Informazioni anonime di tracciamento (&#8220;cookie&#8221;).<\/h3>\n\n<p>Quando si visitano i siti web di ieffects ag, il fornitore e terze parti raccolgono, memorizzano e utilizzano dati generali e non personali di utenti registrati e non registrati. A tal fine vengono utilizzati, tra l&#8217;altro, i cosiddetti &#8220;cookie&#8221;. Si tratta di file di testo che vengono memorizzati sul sistema dell&#8217;utente e che consentono di analizzare l&#8217;utilizzo dei prodotti. Questa tecnologia consente di riconoscere i singoli utenti come visitatori e di fornire loro servizi e prodotti personalizzati. Gli utenti dei siti web di ieffects ag possono impedire la memorizzazione dei cookie selezionando &#8220;non accettare i cookie&#8221; nelle impostazioni del browser. Tuttavia, ci\u00f2 potrebbe ostacolare la funzionalit\u00e0 dei prodotti e rendere pi\u00f9 difficile l&#8217;ottimizzazione dei servizi online per gli utenti.       <\/p>\n\n<p>Il fornitore utilizza anche i seguenti servizi di analisi, tra gli altri:<\/p>\n\n<ul class=\"wp-block-list\">\n<li>Il fornitore utilizza Google Analytics per scopi statistici e per ottimizzare i siti web. L&#8217;utilizzo di Google Analytics non comporta la raccolta di dati personali. Puoi trovare maggiori informazioni su Google Analytics all&#8217;indirizzo: <a href=\"http:\/\/support.google.com\/analytics\" target=\"_blank\" rel=\"noreferrer noopener\">https:<\/a>\/\/support.google.com\/analytics.    <\/li>\n<\/ul>\n\n<ul class=\"wp-block-list\">\n<li>Utilizziamo Hubspot per scopi di marketing e di ottimizzazione, in particolare per analizzare l&#8217;utilizzo del nostro sito web e per migliorare continuamente le singole funzioni e offerte e l&#8217;esperienza dell&#8217;utente. Valutando statisticamente il comportamento degli utenti, possiamo migliorare la nostra offerta e renderla pi\u00f9 interessante per te come utente. Questo costituisce anche il nostro legittimo interesse all&#8217;elaborazione dei suddetti dati da parte del fornitore terzo. La base giuridica \u00e8 l&#8217;Art. 6 comma 1 frase 1 lit. f) GDPR.      Inoltre, Hubspot ha aderito all&#8217;accordo Privacy Shield concluso tra l&#8217;Unione Europea e gli Stati Uniti ed \u00e8 certificato. Di conseguenza, Hubspot si impegna a rispettare gli standard e i regolamenti della legge europea sulla protezione dei dati. Ulteriori informazioni sono disponibili nel seguente link: <a href=\"https:\/\/www.privacyshield.gov\/participant?id=a2zt0000000TN8pAAG&amp;status=Active\" rel=\"noopener\">https:\/\/www.privacyshield.gov\/participant?id=a2zt0000000TN8pAAG&amp;status=Active<\/a><br\/>Informazioni del fornitore terzo: HubSpot Ireland Limited, Ground Floor, Two Dockland Central, Guild Street, Dublin 1, Ireland. Ulteriori informazioni del fornitore terzo sulla protezione dei dati sono disponibili sul seguente sito web: <a href=\"https:\/\/legal.hubspot.com\/privacy-policy\" rel=\"noopener\">https:\/\/legal.hubspot.com\/privacy-policy<\/a>   <\/li>\n<\/ul>\n\n<p><\/p>\n\n<p>L&#8217;utente del sito web di ieffects ag acconsente alla raccolta, all&#8217;archiviazione e all&#8217;utilizzo dei dati personali e delle informazioni anonime di tracciamento nella misura sopra indicata.<\/p>\n\n<h3 class=\"wp-block-heading\">Cancellazione parziale.<\/h3>\n\n<p>Qualora singole disposizioni delle presenti Condizioni d&#8217;uso o dell&#8217;Informativa sulla privacy siano o diventino invalide, ci\u00f2 non pregiudica la validit\u00e0 delle restanti disposizioni. Una disposizione non valida sar\u00e0 sostituita da una nuova disposizione che si avvicini il pi\u00f9 possibile all&#8217;effetto economico e legale della disposizione non valida. <\/p>\n\n<h3 class=\"wp-block-heading\">Domande e commenti.<\/h3>\n\n<p>Se hai domande, suggerimenti o commenti sul tema della protezione dei dati, contattaci direttamente. Il rapido sviluppo di Internet rende necessario adattare periodicamente la nostra politica sulla privacy. Sarai informato delle modifiche qui.  <\/p>\n\n<div style=\"height:100px\" aria-hidden=\"true\" class=\"wp-block-spacer\"><\/div>\n","protected":false},"excerpt":{"rendered":"<p>Azienda. ieffects agStampfenbachstrasse 638006 ZurigoSvizzera E-mail: info@ieffects.comTelefono: +41 43 205 25 03 UID: CHE-114.737.225Partita IVA: CHE-114.737.225 IVADUNS: 48-507-0655 Amministratore delegato: Urs MartiSede legale della societ\u00e0: Zurigo, Svizzera Supporto. Hai un problema e hai bisogno del nostro aiuto? Allora avvia una richiesta di informazioni qui: Disclaimer. Nonostante l&#8217;attento controllo dei contenuti, non ci assumiamo alcuna responsabilit\u00e0 [&hellip;]<\/p>\n","protected":false},"author":2,"featured_media":0,"parent":0,"menu_order":22,"comment_status":"closed","ping_status":"closed","template":"","meta":{"content-type":"","footnotes":""},"class_list":["post-30391","page","type-page","status-publish","hentry"],"_links":{"self":[{"href":"https:\/\/ieffects.com\/it\/wp-json\/wp\/v2\/pages\/30391","targetHints":{"allow":["GET"]}}],"collection":[{"href":"https:\/\/ieffects.com\/it\/wp-json\/wp\/v2\/pages"}],"about":[{"href":"https:\/\/ieffects.com\/it\/wp-json\/wp\/v2\/types\/page"}],"author":[{"embeddable":true,"href":"https:\/\/ieffects.com\/it\/wp-json\/wp\/v2\/users\/2"}],"replies":[{"embeddable":true,"href":"https:\/\/ieffects.com\/it\/wp-json\/wp\/v2\/comments?post=30391"}],"version-history":[{"count":0,"href":"https:\/\/ieffects.com\/it\/wp-json\/wp\/v2\/pages\/30391\/revisions"}],"wp:attachment":[{"href":"https:\/\/ieffects.com\/it\/wp-json\/wp\/v2\/media?parent=30391"}],"curies":[{"name":"wp","href":"https:\/\/api.w.org\/{rel}","templated":true}]}}